{"id":892,"date":"2021-04-12T11:54:56","date_gmt":"2021-04-12T11:54:56","guid":{"rendered":"https:\/\/incomleone.com\/who-we-are\/"},"modified":"2024-09-18T09:11:55","modified_gmt":"2024-09-18T07:11:55","slug":"o-nas","status":"publish","type":"page","link":"https:\/\/incomleone.com\/sl\/o-nas\/","title":{"rendered":"O nas"},"content":{"rendered":"","protected":false},"excerpt":{"rendered":"<p> [&#8230;]<\/p>\n<p><a class=\"btn btn-secondary understrap-read-more-link\" href=\"https:\/\/incomleone.com\/sl\/o-nas\/\">Preberi ve\u010d&#8230;<\/a><\/p>\n","protected":false},"author":10,"featured_media":1243,"parent":0,"menu_order":0,"comment_status":"closed","ping_status":"closed","template":"","meta":{"_acf_changed":false,"om_disable_all_campaigns":false,"footnotes":""},"class_list":["post-892","page","type-page","status-publish","has-post-thumbnail","hentry"],"acf":[],"yoast_head":"<!-- This site is optimized with the Yoast SEO plugin v27.1.1 - https:\/\/yoast.com\/product\/yoast-seo-wordpress\/ -->\n<title>O nas - Incom Leone<\/title>\n<meta name=\"description\" content=\"Vsak dan Incom Leone proizvede ve\u010d kot 2,5 milijona kosov sladoleda. Ljudi po vsem svetu \u017eelimo navdu\u0161evati z najbolj inovativnim sladoledom.\" \/>\n<meta name=\"robots\" content=\"index, follow, max-snippet:-1, max-image-preview:large, max-video-preview:-1\" \/>\n<link rel=\"canonical\" href=\"https:\/\/incomleone.com\/who-we-are\/\" \/>\n<meta property=\"og:locale\" content=\"sl_SI\" \/>\n<meta property=\"og:type\" content=\"article\" \/>\n<meta property=\"og:title\" content=\"O nas - Incom Leone\" \/>\n<meta property=\"og:description\" content=\"Vsak dan Incom Leone proizvede ve\u010d kot 2,5 milijona kosov sladoleda. Ljudi po vsem svetu \u017eelimo navdu\u0161evati z najbolj inovativnim sladoledom.\" \/>\n<meta property=\"og:url\" content=\"https:\/\/incomleone.com\/who-we-are\/\" \/>\n<meta property=\"og:site_name\" content=\"Incom Leone\" \/>\n<meta property=\"article:modified_time\" content=\"2024-09-18T07:11:55+00:00\" \/>\n<meta property=\"og:image\" content=\"https:\/\/incomleone.com\/wp-content\/uploads\/2021\/05\/O-nas_banner-min.png\" \/>\n\t<meta property=\"og:image:width\" content=\"1200\" \/>\n\t<meta property=\"og:image:height\" content=\"628\" \/>\n\t<meta property=\"og:image:type\" content=\"image\/png\" \/>\n<meta name=\"twitter:card\" content=\"summary_large_image\" \/>\n<script type=\"application\/ld+json\" class=\"yoast-schema-graph\">{\"@context\":\"https:\/\/schema.org\",\"@graph\":[{\"@type\":\"WebPage\",\"@id\":\"https:\/\/incomleone.com\/who-we-are\/\",\"url\":\"https:\/\/incomleone.com\/who-we-are\/\",\"name\":\"O nas - Incom Leone\",\"isPartOf\":{\"@id\":\"https:\/\/incomleone.com\/#website\"},\"primaryImageOfPage\":{\"@id\":\"https:\/\/incomleone.com\/who-we-are\/#primaryimage\"},\"image\":{\"@id\":\"https:\/\/incomleone.com\/who-we-are\/#primaryimage\"},\"thumbnailUrl\":\"https:\/\/incomleone.com\/wp-content\/uploads\/2021\/05\/O-nas_banner-min.png\",\"datePublished\":\"2021-04-12T11:54:56+00:00\",\"dateModified\":\"2024-09-18T07:11:55+00:00\",\"description\":\"Vsak dan Incom Leone proizvede ve\u010d kot 2,5 milijona kosov sladoleda. Ljudi po vsem svetu \u017eelimo navdu\u0161evati z najbolj inovativnim sladoledom.\",\"breadcrumb\":{\"@id\":\"https:\/\/incomleone.com\/who-we-are\/#breadcrumb\"},\"inLanguage\":\"sl-SI\",\"potentialAction\":[{\"@type\":\"ReadAction\",\"target\":[\"https:\/\/incomleone.com\/who-we-are\/\"]}]},{\"@type\":\"ImageObject\",\"inLanguage\":\"sl-SI\",\"@id\":\"https:\/\/incomleone.com\/who-we-are\/#primaryimage\",\"url\":\"https:\/\/incomleone.com\/wp-content\/uploads\/2021\/05\/O-nas_banner-min.png\",\"contentUrl\":\"https:\/\/incomleone.com\/wp-content\/uploads\/2021\/05\/O-nas_banner-min.png\",\"width\":1200,\"height\":628},{\"@type\":\"BreadcrumbList\",\"@id\":\"https:\/\/incomleone.com\/who-we-are\/#breadcrumb\",\"itemListElement\":[{\"@type\":\"ListItem\",\"position\":1,\"name\":\"Home\",\"item\":\"https:\/\/incomleone.com\/\"},{\"@type\":\"ListItem\",\"position\":2,\"name\":\"O nas\"}]},{\"@type\":\"WebSite\",\"@id\":\"https:\/\/incomleone.com\/#website\",\"url\":\"https:\/\/incomleone.com\/\",\"name\":\"Incom Leone\",\"description\":\"Experience innovative ice cream and chocolate products\",\"potentialAction\":[{\"@type\":\"SearchAction\",\"target\":{\"@type\":\"EntryPoint\",\"urlTemplate\":\"https:\/\/incomleone.com\/?s={search_term_string}\"},\"query-input\":{\"@type\":\"PropertyValueSpecification\",\"valueRequired\":true,\"valueName\":\"search_term_string\"}}],\"inLanguage\":\"sl-SI\"}]}<\/script>\n<!-- \/ Yoast SEO plugin. -->","yoast_head_json":{"title":"O nas - Incom Leone","description":"Vsak dan Incom Leone proizvede ve\u010d kot 2,5 milijona kosov sladoleda. Ljudi po vsem svetu \u017eelimo navdu\u0161evati z najbolj inovativnim sladoledom.","robots":{"index":"index","follow":"follow","max-snippet":"max-snippet:-1","max-image-preview":"max-image-preview:large","max-video-preview":"max-video-preview:-1"},"canonical":"https:\/\/incomleone.com\/who-we-are\/","og_locale":"sl_SI","og_type":"article","og_title":"O nas - Incom Leone","og_description":"Vsak dan Incom Leone proizvede ve\u010d kot 2,5 milijona kosov sladoleda. Ljudi po vsem svetu \u017eelimo navdu\u0161evati z najbolj inovativnim sladoledom.","og_url":"https:\/\/incomleone.com\/who-we-are\/","og_site_name":"Incom Leone","article_modified_time":"2024-09-18T07:11:55+00:00","og_image":[{"width":1200,"height":628,"url":"https:\/\/incomleone.com\/wp-content\/uploads\/2021\/05\/O-nas_banner-min.png","type":"image\/png"}],"twitter_card":"summary_large_image","schema":{"@context":"https:\/\/schema.org","@graph":[{"@type":"WebPage","@id":"https:\/\/incomleone.com\/who-we-are\/","url":"https:\/\/incomleone.com\/who-we-are\/","name":"O nas - Incom Leone","isPartOf":{"@id":"https:\/\/incomleone.com\/#website"},"primaryImageOfPage":{"@id":"https:\/\/incomleone.com\/who-we-are\/#primaryimage"},"image":{"@id":"https:\/\/incomleone.com\/who-we-are\/#primaryimage"},"thumbnailUrl":"https:\/\/incomleone.com\/wp-content\/uploads\/2021\/05\/O-nas_banner-min.png","datePublished":"2021-04-12T11:54:56+00:00","dateModified":"2024-09-18T07:11:55+00:00","description":"Vsak dan Incom Leone proizvede ve\u010d kot 2,5 milijona kosov sladoleda. Ljudi po vsem svetu \u017eelimo navdu\u0161evati z najbolj inovativnim sladoledom.","breadcrumb":{"@id":"https:\/\/incomleone.com\/who-we-are\/#breadcrumb"},"inLanguage":"sl-SI","potentialAction":[{"@type":"ReadAction","target":["https:\/\/incomleone.com\/who-we-are\/"]}]},{"@type":"ImageObject","inLanguage":"sl-SI","@id":"https:\/\/incomleone.com\/who-we-are\/#primaryimage","url":"https:\/\/incomleone.com\/wp-content\/uploads\/2021\/05\/O-nas_banner-min.png","contentUrl":"https:\/\/incomleone.com\/wp-content\/uploads\/2021\/05\/O-nas_banner-min.png","width":1200,"height":628},{"@type":"BreadcrumbList","@id":"https:\/\/incomleone.com\/who-we-are\/#breadcrumb","itemListElement":[{"@type":"ListItem","position":1,"name":"Home","item":"https:\/\/incomleone.com\/"},{"@type":"ListItem","position":2,"name":"O nas"}]},{"@type":"WebSite","@id":"https:\/\/incomleone.com\/#website","url":"https:\/\/incomleone.com\/","name":"Incom Leone","description":"Experience innovative ice cream and chocolate products","potentialAction":[{"@type":"SearchAction","target":{"@type":"EntryPoint","urlTemplate":"https:\/\/incomleone.com\/?s={search_term_string}"},"query-input":{"@type":"PropertyValueSpecification","valueRequired":true,"valueName":"search_term_string"}}],"inLanguage":"sl-SI"}]}},"_links":{"self":[{"href":"https:\/\/incomleone.com\/sl\/wp-json\/wp\/v2\/pages\/892","targetHints":{"allow":["GET"]}}],"collection":[{"href":"https:\/\/incomleone.com\/sl\/wp-json\/wp\/v2\/pages"}],"about":[{"href":"https:\/\/incomleone.com\/sl\/wp-json\/wp\/v2\/types\/page"}],"author":[{"embeddable":true,"href":"https:\/\/incomleone.com\/sl\/wp-json\/wp\/v2\/users\/10"}],"replies":[{"embeddable":true,"href":"https:\/\/incomleone.com\/sl\/wp-json\/wp\/v2\/comments?post=892"}],"version-history":[{"count":20,"href":"https:\/\/incomleone.com\/sl\/wp-json\/wp\/v2\/pages\/892\/revisions"}],"predecessor-version":[{"id":1992,"href":"https:\/\/incomleone.com\/sl\/wp-json\/wp\/v2\/pages\/892\/revisions\/1992"}],"wp:featuredmedia":[{"embeddable":true,"href":"https:\/\/incomleone.com\/sl\/wp-json\/wp\/v2\/media\/1243"}],"wp:attachment":[{"href":"https:\/\/incomleone.com\/sl\/wp-json\/wp\/v2\/media?parent=892"}],"curies":[{"name":"wp","href":"https:\/\/api.w.org\/{rel}","templated":true}]}}