{"id":1123,"date":"2021-05-07T05:59:47","date_gmt":"2021-05-07T05:59:47","guid":{"rendered":"https:\/\/incomleone.com\/?page_id=1123"},"modified":"2025-12-22T14:36:12","modified_gmt":"2025-12-22T12:36:12","slug":"nase-trgovine","status":"publish","type":"page","link":"https:\/\/incomleone.com\/sl\/nase-trgovine\/","title":{"rendered":"Na\u0161e trgovine"},"content":{"rendered":"","protected":false},"excerpt":{"rendered":"<p> [&#8230;]<\/p>\n<p><a class=\"btn btn-secondary understrap-read-more-link\" href=\"https:\/\/incomleone.com\/sl\/nase-trgovine\/\">Preberi ve\u010d&#8230;<\/a><\/p>\n","protected":false},"author":10,"featured_media":1691,"parent":0,"menu_order":0,"comment_status":"closed","ping_status":"closed","template":"","meta":{"_acf_changed":false,"om_disable_all_campaigns":false,"footnotes":""},"class_list":["post-1123","page","type-page","status-publish","has-post-thumbnail","hentry"],"acf":[],"yoast_head":"<!-- This site is optimized with the Yoast SEO plugin v27.1.1 - https:\/\/yoast.com\/product\/yoast-seo-wordpress\/ -->\n<title>Na\u0161e trgovine - Incom Leone<\/title>\n<meta name=\"description\" content=\"Leone trgovina sladoleda, \u010dokolade in ostalih zamrznjenih izdelkov se nahaja v Ajdov\u0161\u010dini in v Novi Gorici.\" \/>\n<meta name=\"robots\" content=\"index, follow, max-snippet:-1, max-image-preview:large, max-video-preview:-1\" \/>\n<link rel=\"canonical\" href=\"https:\/\/incomleone.com\/sl\/nase-trgovine\/\" \/>\n<meta property=\"og:locale\" content=\"sl_SI\" \/>\n<meta property=\"og:type\" content=\"article\" \/>\n<meta property=\"og:title\" content=\"Leone prodajalna sladoleda\" \/>\n<meta property=\"og:description\" content=\"Leone prodajalna sladoleda, \u010dokolade in ostalih zamrznjenih izdelkov se nahaja v Ajdov\u0161\u010dini in v Novi Gorici.\" \/>\n<meta property=\"og:url\" content=\"https:\/\/incomleone.com\/sl\/nase-trgovine\/\" \/>\n<meta property=\"og:site_name\" content=\"Incom Leone\" \/>\n<meta property=\"article:modified_time\" content=\"2025-12-22T12:36:12+00:00\" \/>\n<meta property=\"og:image\" content=\"https:\/\/incomleone.com\/wp-content\/uploads\/2021\/05\/trgovine_banner-min.png\" \/>\n\t<meta property=\"og:image:width\" content=\"1200\" \/>\n\t<meta property=\"og:image:height\" content=\"628\" \/>\n\t<meta property=\"og:image:type\" content=\"image\/png\" \/>\n<meta name=\"twitter:card\" content=\"summary_large_image\" \/>\n<meta name=\"twitter:title\" content=\"Leone prodajalna sladoleda\" \/>\n<meta name=\"twitter:description\" content=\"Leone prodajalna sladoleda, \u010dokolade in ostalih zamrznjenih izdelkov se nahaja v Ajdov\u0161\u010dini in v Novi Gorici.\" \/>\n<meta name=\"twitter:image\" content=\"https:\/\/incomleone.com\/wp-content\/uploads\/2021\/05\/trgovine_banner-min.png\" \/>\n<script type=\"application\/ld+json\" class=\"yoast-schema-graph\">{\"@context\":\"https:\/\/schema.org\",\"@graph\":[{\"@type\":\"WebPage\",\"@id\":\"https:\/\/incomleone.com\/sl\/nase-trgovine\/\",\"url\":\"https:\/\/incomleone.com\/sl\/nase-trgovine\/\",\"name\":\"Na\u0161e trgovine - Incom Leone\",\"isPartOf\":{\"@id\":\"https:\/\/incomleone.com\/#website\"},\"primaryImageOfPage\":{\"@id\":\"https:\/\/incomleone.com\/sl\/nase-trgovine\/#primaryimage\"},\"image\":{\"@id\":\"https:\/\/incomleone.com\/sl\/nase-trgovine\/#primaryimage\"},\"thumbnailUrl\":\"https:\/\/incomleone.com\/wp-content\/uploads\/2022\/05\/leone_trgovina_03-min-1.jpg\",\"datePublished\":\"2021-05-07T05:59:47+00:00\",\"dateModified\":\"2025-12-22T12:36:12+00:00\",\"description\":\"Leone trgovina sladoleda, \u010dokolade in ostalih zamrznjenih izdelkov se nahaja v Ajdov\u0161\u010dini in v Novi Gorici.\",\"breadcrumb\":{\"@id\":\"https:\/\/incomleone.com\/sl\/nase-trgovine\/#breadcrumb\"},\"inLanguage\":\"sl-SI\",\"potentialAction\":[{\"@type\":\"ReadAction\",\"target\":[\"https:\/\/incomleone.com\/sl\/nase-trgovine\/\"]}]},{\"@type\":\"ImageObject\",\"inLanguage\":\"sl-SI\",\"@id\":\"https:\/\/incomleone.com\/sl\/nase-trgovine\/#primaryimage\",\"url\":\"https:\/\/incomleone.com\/wp-content\/uploads\/2022\/05\/leone_trgovina_03-min-1.jpg\",\"contentUrl\":\"https:\/\/incomleone.com\/wp-content\/uploads\/2022\/05\/leone_trgovina_03-min-1.jpg\",\"width\":2000,\"height\":1333},{\"@type\":\"BreadcrumbList\",\"@id\":\"https:\/\/incomleone.com\/sl\/nase-trgovine\/#breadcrumb\",\"itemListElement\":[{\"@type\":\"ListItem\",\"position\":1,\"name\":\"Home\",\"item\":\"https:\/\/incomleone.com\/\"},{\"@type\":\"ListItem\",\"position\":2,\"name\":\"Na\u0161e trgovine\"}]},{\"@type\":\"WebSite\",\"@id\":\"https:\/\/incomleone.com\/#website\",\"url\":\"https:\/\/incomleone.com\/\",\"name\":\"Incom Leone\",\"description\":\"Experience innovative ice cream and chocolate products\",\"potentialAction\":[{\"@type\":\"SearchAction\",\"target\":{\"@type\":\"EntryPoint\",\"urlTemplate\":\"https:\/\/incomleone.com\/?s={search_term_string}\"},\"query-input\":{\"@type\":\"PropertyValueSpecification\",\"valueRequired\":true,\"valueName\":\"search_term_string\"}}],\"inLanguage\":\"sl-SI\"}]}<\/script>\n<!-- \/ Yoast SEO plugin. -->","yoast_head_json":{"title":"Na\u0161e trgovine - Incom Leone","description":"Leone trgovina sladoleda, \u010dokolade in ostalih zamrznjenih izdelkov se nahaja v Ajdov\u0161\u010dini in v Novi Gorici.","robots":{"index":"index","follow":"follow","max-snippet":"max-snippet:-1","max-image-preview":"max-image-preview:large","max-video-preview":"max-video-preview:-1"},"canonical":"https:\/\/incomleone.com\/sl\/nase-trgovine\/","og_locale":"sl_SI","og_type":"article","og_title":"Leone prodajalna sladoleda","og_description":"Leone prodajalna sladoleda, \u010dokolade in ostalih zamrznjenih izdelkov se nahaja v Ajdov\u0161\u010dini in v Novi Gorici.","og_url":"https:\/\/incomleone.com\/sl\/nase-trgovine\/","og_site_name":"Incom Leone","article_modified_time":"2025-12-22T12:36:12+00:00","og_image":[{"width":1200,"height":628,"url":"https:\/\/incomleone.com\/wp-content\/uploads\/2021\/05\/trgovine_banner-min.png","type":"image\/png"}],"twitter_card":"summary_large_image","twitter_title":"Leone prodajalna sladoleda","twitter_description":"Leone prodajalna sladoleda, \u010dokolade in ostalih zamrznjenih izdelkov se nahaja v Ajdov\u0161\u010dini in v Novi Gorici.","twitter_image":"https:\/\/incomleone.com\/wp-content\/uploads\/2021\/05\/trgovine_banner-min.png","schema":{"@context":"https:\/\/schema.org","@graph":[{"@type":"WebPage","@id":"https:\/\/incomleone.com\/sl\/nase-trgovine\/","url":"https:\/\/incomleone.com\/sl\/nase-trgovine\/","name":"Na\u0161e trgovine - Incom Leone","isPartOf":{"@id":"https:\/\/incomleone.com\/#website"},"primaryImageOfPage":{"@id":"https:\/\/incomleone.com\/sl\/nase-trgovine\/#primaryimage"},"image":{"@id":"https:\/\/incomleone.com\/sl\/nase-trgovine\/#primaryimage"},"thumbnailUrl":"https:\/\/incomleone.com\/wp-content\/uploads\/2022\/05\/leone_trgovina_03-min-1.jpg","datePublished":"2021-05-07T05:59:47+00:00","dateModified":"2025-12-22T12:36:12+00:00","description":"Leone trgovina sladoleda, \u010dokolade in ostalih zamrznjenih izdelkov se nahaja v Ajdov\u0161\u010dini in v Novi Gorici.","breadcrumb":{"@id":"https:\/\/incomleone.com\/sl\/nase-trgovine\/#breadcrumb"},"inLanguage":"sl-SI","potentialAction":[{"@type":"ReadAction","target":["https:\/\/incomleone.com\/sl\/nase-trgovine\/"]}]},{"@type":"ImageObject","inLanguage":"sl-SI","@id":"https:\/\/incomleone.com\/sl\/nase-trgovine\/#primaryimage","url":"https:\/\/incomleone.com\/wp-content\/uploads\/2022\/05\/leone_trgovina_03-min-1.jpg","contentUrl":"https:\/\/incomleone.com\/wp-content\/uploads\/2022\/05\/leone_trgovina_03-min-1.jpg","width":2000,"height":1333},{"@type":"BreadcrumbList","@id":"https:\/\/incomleone.com\/sl\/nase-trgovine\/#breadcrumb","itemListElement":[{"@type":"ListItem","position":1,"name":"Home","item":"https:\/\/incomleone.com\/"},{"@type":"ListItem","position":2,"name":"Na\u0161e trgovine"}]},{"@type":"WebSite","@id":"https:\/\/incomleone.com\/#website","url":"https:\/\/incomleone.com\/","name":"Incom Leone","description":"Experience innovative ice cream and chocolate products","potentialAction":[{"@type":"SearchAction","target":{"@type":"EntryPoint","urlTemplate":"https:\/\/incomleone.com\/?s={search_term_string}"},"query-input":{"@type":"PropertyValueSpecification","valueRequired":true,"valueName":"search_term_string"}}],"inLanguage":"sl-SI"}]}},"_links":{"self":[{"href":"https:\/\/incomleone.com\/sl\/wp-json\/wp\/v2\/pages\/1123","targetHints":{"allow":["GET"]}}],"collection":[{"href":"https:\/\/incomleone.com\/sl\/wp-json\/wp\/v2\/pages"}],"about":[{"href":"https:\/\/incomleone.com\/sl\/wp-json\/wp\/v2\/types\/page"}],"author":[{"embeddable":true,"href":"https:\/\/incomleone.com\/sl\/wp-json\/wp\/v2\/users\/10"}],"replies":[{"embeddable":true,"href":"https:\/\/incomleone.com\/sl\/wp-json\/wp\/v2\/comments?post=1123"}],"version-history":[{"count":62,"href":"https:\/\/incomleone.com\/sl\/wp-json\/wp\/v2\/pages\/1123\/revisions"}],"predecessor-version":[{"id":2529,"href":"https:\/\/incomleone.com\/sl\/wp-json\/wp\/v2\/pages\/1123\/revisions\/2529"}],"wp:featuredmedia":[{"embeddable":true,"href":"https:\/\/incomleone.com\/sl\/wp-json\/wp\/v2\/media\/1691"}],"wp:attachment":[{"href":"https:\/\/incomleone.com\/sl\/wp-json\/wp\/v2\/media?parent=1123"}],"curies":[{"name":"wp","href":"https:\/\/api.w.org\/{rel}","templated":true}]}}